{"id":2199,"date":"2023-07-06T15:06:54","date_gmt":"2023-07-06T19:06:54","guid":{"rendered":"https:\/\/www.groupetranswest.com\/services-transwest\/"},"modified":"2024-03-25T18:40:48","modified_gmt":"2024-03-25T22:40:48","slug":"services-transwest","status":"publish","type":"page","link":"https:\/\/www.groupetranswest.com\/en\/services-transwest\/","title":{"rendered":"Services TransWest"},"content":{"rendered":"\t\t<div data-elementor-type=\"wp-page\" data-elementor-id=\"2199\" class=\"elementor elementor-2199 elementor-964\" data-elementor-post-type=\"page\">\n\t\t\t\t\t\t<section class=\"elementor-section elementor-top-section elementor-element elementor-element-69ee79fe elementor-section-content-middle elementor-reverse-mobile elementor-reverse-tablet elementor-section-boxed elementor-section-height-default elementor-section-height-default\" data-id=\"69ee79fe\" data-element_type=\"section\" data-e-type=\"section\" data-settings=\"{&quot;background_background&quot;:&quot;classic&quot;}\">\n\t\t\t\t\t\t<div class=\"elementor-container elementor-column-gap-no\">\n\t\t\t\t\t<div class=\"elementor-column elementor-col-100 elementor-top-column elementor-element elementor-element-4a4dfc6\" data-id=\"4a4dfc6\" data-element_type=\"column\" data-e-type=\"column\">\n\t\t\t<div class=\"elementor-widget-wrap elementor-element-populated\">\n\t\t\t\t\t\t<div class=\"elementor-element elementor-element-6fd5f54c elementor-widget elementor-widget-slider_revolution\" data-id=\"6fd5f54c\" data-element_type=\"widget\" data-e-type=\"widget\" data-widget_type=\"slider_revolution.default\">\n\t\t\t\t<div class=\"elementor-widget-container\">\n\t\t\t\t\t<div class=\"wp-block-themepunch-revslider revslider\">\n\t\t\t\t<p class=\"rs-p-wp-fix\"><\/p>\n\t\t\t\t<sr7-module data-alias=\"about-1\" data-id=\"3\" id=\"SR7_3_1\" data-version=\"7.0.7.1\">\n\t\t\t\t\t<sr7-adjuster><\/sr7-adjuster>\n\t\t\t\t\t<sr7-content>\n\t\t\t\t\t\t<sr7-slide id=\"SR7_3_1-60\" data-key=\"60\">\n\t\t\t\t\t\t\t<sr7-bg id=\"SR7_3_1-60-1\" class=\"sr7-layer\"><noscript><img decoding=\"async\" src=\"https:\/\/www.groupetranswest.com\/wp-content\/uploads\/2023\/07\/MAP_BANNER_4.jpg\" alt=\"\" title=\"MAP_BANNER_4\"><\/noscript><\/sr7-bg>\n\t\t\t\t\t\t<\/sr7-slide>\n\t\t\t\t\t\t<sr7-slide id=\"SR7_3_1-69\" data-key=\"69\">\n\t\t\t\t\t\t<\/sr7-slide>\n\t\t\t\t\t<\/sr7-content>\n\t\t\t\t\t<image_lists style=\"display:none\">\n\t\t\t\t\t\t<img data-src=\"\/\/www.groupetranswest.com\/wp-content\/uploads\/revslider\/o\/3\/33d95122d6a95e99eff2843f5222119f.webp\" data-libid=\"1605\" data-lib=\"medialibrary\" title=\"MAP_BANNER_4\" width=\"0\" height=\"0\" data-dbsrc=\"Ly93d3cuZ3JvdXBldHJhbnN3ZXN0LmNvbS93cC1jb250ZW50L3VwbG9hZHMvMjAyMy8wNy9NQVBfQkFOTkVSXzQuanBn\"\/>\n\t\t\t\t\t<\/image_lists>\n\t\t\t\t<\/sr7-module>\n\t\t\t\t<script>\n\t\t\t\t\twindow.SR7??={}; SR7.PMH ??={}; SR7.PMH[\"SR7_3_1\"] = {cn:100,state:false,fn: function() { if (window._tpt!==undefined && window._tpt.prepareModuleHeight !== undefined) {  _tpt.prepareModuleHeight({id:\"SR7_3_1\",el:[400,400,400,400,400],type:'hero',gh:[400,400,400,400,400],gw:[1920,1920,1920,1920,1920],vpt:['-100px'],size:{fullWidth:true, fullHeight:false},mh:'0',onh:0,onw:0,bg:{color:'{\"orig\":\"transparent\",\"type\":\"solid\",\"string\":\"transparent\"}'}});   SR7.PMH[\"SR7_3_1\"].state=true;} else if(SR7.PMH[\"SR7_3_1\"].cn-->0)\tsetTimeout( SR7.PMH[\"SR7_3_1\"].fn,19);}};SR7.PMH[\"SR7_3_1\" ].fn();\n\t\t\t\t<\/script>\n<\/div>\t\t\t\t<\/div>\n\t\t\t\t<\/div>\n\t\t\t\t\t<\/div>\n\t\t<\/div>\n\t\t\t\t\t<\/div>\n\t\t<\/section>\n\t\t\t\t<section class=\"elementor-section elementor-top-section elementor-element elementor-element-3d1e644 elementor-section-boxed elementor-section-height-default elementor-section-height-default\" data-id=\"3d1e644\" data-element_type=\"section\" data-e-type=\"section\">\n\t\t\t\t\t\t<div class=\"elementor-container elementor-column-gap-default\">\n\t\t\t\t\t<div class=\"elementor-column elementor-col-100 elementor-top-column elementor-element elementor-element-3264c31\" data-id=\"3264c31\" data-element_type=\"column\" data-e-type=\"column\">\n\t\t\t<div class=\"elementor-widget-wrap elementor-element-populated\">\n\t\t\t\t\t\t<div class=\"elementor-element elementor-element-4f99d472 elementor-widget elementor-widget-heading\" data-id=\"4f99d472\" data-element_type=\"widget\" data-e-type=\"widget\" data-widget_type=\"heading.default\">\n\t\t\t\t<div class=\"elementor-widget-container\">\n\t\t\t\t\t<h2 class=\"elementor-heading-title elementor-size-default\">TRANSWEST SERVICES<\/h2>\t\t\t\t<\/div>\n\t\t\t\t<\/div>\n\t\t\t\t<div class=\"elementor-element elementor-element-105f19e8 elementor-widget elementor-widget-text-editor\" data-id=\"105f19e8\" data-element_type=\"widget\" data-e-type=\"widget\" data-widget_type=\"text-editor.default\">\n\t\t\t\t<div class=\"elementor-widget-container\">\n\t\t\t\t\t\t\t\t\t<p>The Trans-West Group continually improves and simplifies its processes in order to offer its customers profitable solutions and impeccable service. In addition, the Trans-West Group regularly adopts new technologies to minimize fuel consumption and contribute to a healthier environment.<\/p><h4><strong>Impeccable and state-of-the-art equipment<\/strong><\/h4><p>The Trans-West Group has a fleet of 650 pieces of equipment including refrigerated trailers, equipped with isothermal control, controlled and monitored by satellite. Toutes les remorques respectent les r\u00e9glementations environnementales s\u00e9v\u00e8res de l\u2019\u00c9tat de la Californie. In addition, they are washed after each trip, inside and out, with state-of-the-art equipment. The fleet of recent \u201cbleu-Trans-West\u201d trucks meets the highest industry standards in addition to being the subject of frequent methodical maintenance to ensure the safe and efficient transport of goods.<\/p><h4><strong>Superior Safety Standards\u200b<\/strong><\/h4><p>At Groupe Trans-West, safety is a priority at all stages of work execution: from the impeccable maintenance of trucks to the exemplary road behavior of truckers. Thus, Trans-West has obtained certifications: CTPAT (Customs Trade Partnership Against Terrorism \u2013 USA), PIP (Partners in Protection \u2013 Canada), ACE (Electronic Truck Manifest \u2013 USA), FAST (Free and Secure Trade \u2013 USA), SmartWay (U.S. environmental protection agency \u2013 USA).<\/p><h4><strong>Respect at the heart of everything<\/strong><\/h4><p>The Trans-West Group was built on the notion of respect: respect for its commitments to customers and suppliers, respect for its team and the environment. The quality of service and the reliability of Groupe Trans-West ensure that customers entrust the transportation of their products to Groupe Trans-West, year after year.<\/p><h4><strong>Environmental solutions<\/strong><\/h4><p>Transportation is essential to all Canadian economic activity, businesses here export to the United States and we import fresh fruits and vegetables to feed ourselves. However, it results in environmental impacts and the Trans-West Group is committed to doing its part to reduce its environmental footprint. A member of SmartWay (U.S. Environmental Protection Agency), an American organization that promotes best energy-saving practices, the Trans-West Group has obtained from the latter the highest rating issued (1.25) in environmental matters.<\/p>\t\t\t\t\t\t\t\t<\/div>\n\t\t\t\t<\/div>\n\t\t\t\t\t<\/div>\n\t\t<\/div>\n\t\t\t\t\t<\/div>\n\t\t<\/section>\n\t\t\t\t<section class=\"elementor-section elementor-top-section elementor-element elementor-element-6f5ba54 elementor-section-boxed elementor-section-height-default elementor-section-height-default\" data-id=\"6f5ba54\" data-element_type=\"section\" data-e-type=\"section\">\n\t\t\t\t\t\t<div class=\"elementor-container elementor-column-gap-default\">\n\t\t\t\t\t<div class=\"elementor-column elementor-col-100 elementor-top-column elementor-element elementor-element-46ae1c8\" data-id=\"46ae1c8\" data-element_type=\"column\" data-e-type=\"column\">\n\t\t\t<div class=\"elementor-widget-wrap elementor-element-populated\">\n\t\t\t\t\t\t<div class=\"elementor-element elementor-element-f49823b elementor-cta--layout-image-above elementor-cta--skin-classic elementor-animated-content elementor-bg-transform elementor-bg-transform-zoom-in elementor-widget elementor-widget-call-to-action\" data-id=\"f49823b\" data-element_type=\"widget\" data-e-type=\"widget\" data-widget_type=\"call-to-action.default\">\n\t\t\t\t<div class=\"elementor-widget-container\">\n\t\t\t\t\t\t\t<div class=\"elementor-cta\">\n\t\t\t\t\t\t\t<div class=\"elementor-cta__content\">\n\t\t\t\t\n\t\t\t\t\t\t\t\t\t<h2 class=\"elementor-cta__title elementor-cta__content-item elementor-content-item\">\n\t\t\t\t\t\tSHIPPING\t\t\t\t\t<\/h2>\n\t\t\t\t\n\t\t\t\t\t\t\t\t\t<div class=\"elementor-cta__description elementor-cta__content-item elementor-content-item\">\n\t\t\t\t\t\tGet a quote today\t\t\t\t\t<\/div>\n\t\t\t\t\n\t\t\t\t\t\t\t\t\t<div class=\"elementor-cta__button-wrapper elementor-cta__content-item elementor-content-item \">\n\t\t\t\t\t<a class=\"elementor-cta__button elementor-button elementor-size-\" href=\"https:\/\/www.groupetranswest.com\/en\/shipping\/\">\n\t\t\t\t\t\tGet A Quotation\t\t\t\t\t<\/a>\n\t\t\t\t\t<\/div>\n\t\t\t\t\t\t\t<\/div>\n\t\t\t\t\t\t<\/div>\n\t\t\t\t\t\t<\/div>\n\t\t\t\t<\/div>\n\t\t\t\t<section class=\"elementor-section elementor-inner-section elementor-element elementor-element-67f785a elementor-section-boxed elementor-section-height-default elementor-section-height-default\" data-id=\"67f785a\" data-element_type=\"section\" data-e-type=\"section\">\n\t\t\t\t\t\t<div class=\"elementor-container elementor-column-gap-default\">\n\t\t\t\t\t<div class=\"elementor-column elementor-col-16 elementor-inner-column elementor-element elementor-element-68291df\" data-id=\"68291df\" data-element_type=\"column\" data-e-type=\"column\">\n\t\t\t<div class=\"elementor-widget-wrap elementor-element-populated\">\n\t\t\t\t\t\t<div class=\"elementor-element elementor-element-f3d9c7f elementor-widget elementor-widget-image\" data-id=\"f3d9c7f\" data-element_type=\"widget\" data-e-type=\"widget\" data-widget_type=\"image.default\">\n\t\t\t\t<div class=\"elementor-widget-container\">\n\t\t\t\t\t\t\t\t\t\t\t\t<figure class=\"wp-caption\">\n\t\t\t\t\t\t\t\t\t\t<img fetchpriority=\"high\" decoding=\"async\" width=\"600\" height=\"400\" src=\"https:\/\/www.groupetranswest.com\/wp-content\/uploads\/2023\/06\/tca.png\" class=\"attachment-large size-large wp-image-415\" alt=\"\" \/>\t\t\t\t\t\t\t\t\t\t\t<figcaption class=\"widget-image-caption wp-caption-text\"><\/figcaption>\n\t\t\t\t\t\t\t\t\t\t<\/figure>\n\t\t\t\t\t\t\t\t\t<\/div>\n\t\t\t\t<\/div>\n\t\t\t\t\t<\/div>\n\t\t<\/div>\n\t\t\t\t<div class=\"elementor-column elementor-col-16 elementor-inner-column elementor-element elementor-element-4a7a37a\" data-id=\"4a7a37a\" data-element_type=\"column\" data-e-type=\"column\">\n\t\t\t<div class=\"elementor-widget-wrap elementor-element-populated\">\n\t\t\t\t\t\t<div class=\"elementor-element elementor-element-996a344 elementor-widget elementor-widget-image\" data-id=\"996a344\" data-element_type=\"widget\" data-e-type=\"widget\" data-widget_type=\"image.default\">\n\t\t\t\t<div class=\"elementor-widget-container\">\n\t\t\t\t\t\t\t\t\t\t\t\t<figure class=\"wp-caption\">\n\t\t\t\t\t\t\t\t\t\t<img decoding=\"async\" width=\"600\" height=\"400\" src=\"https:\/\/www.groupetranswest.com\/wp-content\/uploads\/2023\/06\/smartway.png\" class=\"attachment-large size-large wp-image-412\" alt=\"\" \/>\t\t\t\t\t\t\t\t\t\t\t<figcaption class=\"widget-image-caption wp-caption-text\"><\/figcaption>\n\t\t\t\t\t\t\t\t\t\t<\/figure>\n\t\t\t\t\t\t\t\t\t<\/div>\n\t\t\t\t<\/div>\n\t\t\t\t\t<\/div>\n\t\t<\/div>\n\t\t\t\t<div class=\"elementor-column elementor-col-16 elementor-inner-column elementor-element elementor-element-7433074\" data-id=\"7433074\" data-element_type=\"column\" data-e-type=\"column\">\n\t\t\t<div class=\"elementor-widget-wrap elementor-element-populated\">\n\t\t\t\t\t\t<div class=\"elementor-element elementor-element-6449ff1 elementor-widget elementor-widget-image\" data-id=\"6449ff1\" data-element_type=\"widget\" data-e-type=\"widget\" data-widget_type=\"image.default\">\n\t\t\t\t<div class=\"elementor-widget-container\">\n\t\t\t\t\t\t\t\t\t\t\t\t<figure class=\"wp-caption\">\n\t\t\t\t\t\t\t\t\t\t<img loading=\"lazy\" decoding=\"async\" width=\"600\" height=\"400\" src=\"https:\/\/www.groupetranswest.com\/wp-content\/uploads\/2023\/06\/pip.png\" class=\"attachment-large size-large wp-image-409\" alt=\"\" \/>\t\t\t\t\t\t\t\t\t\t\t<figcaption class=\"widget-image-caption wp-caption-text\"><\/figcaption>\n\t\t\t\t\t\t\t\t\t\t<\/figure>\n\t\t\t\t\t\t\t\t\t<\/div>\n\t\t\t\t<\/div>\n\t\t\t\t\t<\/div>\n\t\t<\/div>\n\t\t\t\t<div class=\"elementor-column elementor-col-16 elementor-inner-column elementor-element elementor-element-0b99463\" data-id=\"0b99463\" data-element_type=\"column\" data-e-type=\"column\">\n\t\t\t<div class=\"elementor-widget-wrap elementor-element-populated\">\n\t\t\t\t\t\t<div class=\"elementor-element elementor-element-f222993 elementor-widget elementor-widget-image\" data-id=\"f222993\" data-element_type=\"widget\" data-e-type=\"widget\" data-widget_type=\"image.default\">\n\t\t\t\t<div class=\"elementor-widget-container\">\n\t\t\t\t\t\t\t\t\t\t\t\t<figure class=\"wp-caption\">\n\t\t\t\t\t\t\t\t\t\t<img loading=\"lazy\" decoding=\"async\" width=\"600\" height=\"400\" src=\"https:\/\/www.groupetranswest.com\/wp-content\/uploads\/2023\/06\/fast.png\" class=\"attachment-large size-large wp-image-406\" alt=\"\" \/>\t\t\t\t\t\t\t\t\t\t\t<figcaption class=\"widget-image-caption wp-caption-text\"><\/figcaption>\n\t\t\t\t\t\t\t\t\t\t<\/figure>\n\t\t\t\t\t\t\t\t\t<\/div>\n\t\t\t\t<\/div>\n\t\t\t\t\t<\/div>\n\t\t<\/div>\n\t\t\t\t<div class=\"elementor-column elementor-col-16 elementor-inner-column elementor-element elementor-element-ee4e6a2\" data-id=\"ee4e6a2\" data-element_type=\"column\" data-e-type=\"column\">\n\t\t\t<div class=\"elementor-widget-wrap elementor-element-populated\">\n\t\t\t\t\t\t<div class=\"elementor-element elementor-element-152f281 elementor-widget elementor-widget-image\" data-id=\"152f281\" data-element_type=\"widget\" data-e-type=\"widget\" data-widget_type=\"image.default\">\n\t\t\t\t<div class=\"elementor-widget-container\">\n\t\t\t\t\t\t\t\t\t\t\t\t<figure class=\"wp-caption\">\n\t\t\t\t\t\t\t\t\t\t<img loading=\"lazy\" decoding=\"async\" width=\"600\" height=\"400\" src=\"https:\/\/www.groupetranswest.com\/wp-content\/uploads\/2023\/06\/ctpat.png\" class=\"attachment-large size-large wp-image-403\" alt=\"\" \/>\t\t\t\t\t\t\t\t\t\t\t<figcaption class=\"widget-image-caption wp-caption-text\"><\/figcaption>\n\t\t\t\t\t\t\t\t\t\t<\/figure>\n\t\t\t\t\t\t\t\t\t<\/div>\n\t\t\t\t<\/div>\n\t\t\t\t\t<\/div>\n\t\t<\/div>\n\t\t\t\t<div class=\"elementor-column elementor-col-16 elementor-inner-column elementor-element elementor-element-cde9e46\" data-id=\"cde9e46\" data-element_type=\"column\" data-e-type=\"column\">\n\t\t\t<div class=\"elementor-widget-wrap elementor-element-populated\">\n\t\t\t\t\t\t<div class=\"elementor-element elementor-element-092199a elementor-widget elementor-widget-image\" data-id=\"092199a\" data-element_type=\"widget\" data-e-type=\"widget\" data-widget_type=\"image.default\">\n\t\t\t\t<div class=\"elementor-widget-container\">\n\t\t\t\t\t\t\t\t\t\t\t\t<figure class=\"wp-caption\">\n\t\t\t\t\t\t\t\t\t\t<img loading=\"lazy\" decoding=\"async\" width=\"600\" height=\"400\" src=\"https:\/\/www.groupetranswest.com\/wp-content\/uploads\/2023\/06\/ace.png\" class=\"attachment-large size-large wp-image-397\" alt=\"\" \/>\t\t\t\t\t\t\t\t\t\t\t<figcaption class=\"widget-image-caption wp-caption-text\"><\/figcaption>\n\t\t\t\t\t\t\t\t\t\t<\/figure>\n\t\t\t\t\t\t\t\t\t<\/div>\n\t\t\t\t<\/div>\n\t\t\t\t\t<\/div>\n\t\t<\/div>\n\t\t\t\t\t<\/div>\n\t\t<\/section>\n\t\t\t\t\t<\/div>\n\t\t<\/div>\n\t\t\t\t\t<\/div>\n\t\t<\/section>\n\t\t\t\t<\/div>\n\t\t","protected":false},"excerpt":{"rendered":"<p>TRANSWEST SERVICES The Trans-West Group continually improves and simplifies its processes in order to offer its customers profitable solutions and impeccable service. In addition, the Trans-West Group regularly adopts new technologies to minimize fuel consumption and contribute to a healthier environment. Impeccable and state-of-the-art equipment The Trans-West Group has a fleet of 650 pieces of [&hellip;]<\/p>\n","protected":false},"author":1,"featured_media":0,"parent":0,"menu_order":0,"comment_status":"closed","ping_status":"closed","template":"","meta":{"rs_blank_template":"","rs_page_bg_color":"","slide_template_v7":"","footnotes":""},"class_list":["post-2199","page","type-page","status-publish","hentry"],"yoast_head":"<!-- This site is optimized with the Yoast SEO plugin v27.3 - https:\/\/yoast.com\/product\/yoast-seo-wordpress\/ -->\n<title>Services TransWest - Trans-West<\/title>\n<meta name=\"description\" content=\"We are continually improving and simplifying our process to offer exceptional transport services to our clients. We adopt new technologies and minimize fuel consumption for a healthy environment.\" \/>\n<meta name=\"robots\" content=\"index, follow, max-snippet:-1, max-image-preview:large, max-video-preview:-1\" \/>\n<link rel=\"canonical\" href=\"https:\/\/www.groupetranswest.com\/en\/services-transwest\/\" \/>\n<meta property=\"og:locale\" content=\"en_US\" \/>\n<meta property=\"og:type\" content=\"article\" \/>\n<meta property=\"og:title\" content=\"Services TransWest - Trans-West\" \/>\n<meta property=\"og:description\" content=\"We are continually improving and simplifying our process to offer exceptional transport services to our clients. We adopt new technologies and minimize fuel consumption for a healthy environment.\" \/>\n<meta property=\"og:url\" content=\"https:\/\/www.groupetranswest.com\/en\/services-transwest\/\" \/>\n<meta property=\"og:site_name\" content=\"Trans-West\" \/>\n<meta property=\"article:modified_time\" content=\"2024-03-25T22:40:48+00:00\" \/>\n<meta property=\"og:image\" content=\"https:\/\/www.groupetranswest.com\/wp-content\/uploads\/2023\/06\/tca.png\" \/>\n<meta name=\"twitter:card\" content=\"summary_large_image\" \/>\n<meta name=\"twitter:label1\" content=\"Est. reading time\" \/>\n\t<meta name=\"twitter:data1\" content=\"3 minutes\" \/>\n<script type=\"application\/ld+json\" class=\"yoast-schema-graph\">{\"@context\":\"https:\\\/\\\/schema.org\",\"@graph\":[{\"@type\":\"WebPage\",\"@id\":\"https:\\\/\\\/www.groupetranswest.com\\\/en\\\/services-transwest\\\/\",\"url\":\"https:\\\/\\\/www.groupetranswest.com\\\/en\\\/services-transwest\\\/\",\"name\":\"Services TransWest - Trans-West\",\"isPartOf\":{\"@id\":\"https:\\\/\\\/www.groupetranswest.com\\\/en\\\/#website\"},\"primaryImageOfPage\":{\"@id\":\"https:\\\/\\\/www.groupetranswest.com\\\/en\\\/services-transwest\\\/#primaryimage\"},\"image\":{\"@id\":\"https:\\\/\\\/www.groupetranswest.com\\\/en\\\/services-transwest\\\/#primaryimage\"},\"thumbnailUrl\":\"https:\\\/\\\/www.groupetranswest.com\\\/wp-content\\\/uploads\\\/2023\\\/06\\\/tca.png\",\"datePublished\":\"2023-07-06T19:06:54+00:00\",\"dateModified\":\"2024-03-25T22:40:48+00:00\",\"description\":\"We are continually improving and simplifying our process to offer exceptional transport services to our clients. We adopt new technologies and minimize fuel consumption for a healthy environment.\",\"inLanguage\":\"en-US\",\"potentialAction\":[{\"@type\":\"ReadAction\",\"target\":[\"https:\\\/\\\/www.groupetranswest.com\\\/en\\\/services-transwest\\\/\"]}]},{\"@type\":\"ImageObject\",\"inLanguage\":\"en-US\",\"@id\":\"https:\\\/\\\/www.groupetranswest.com\\\/en\\\/services-transwest\\\/#primaryimage\",\"url\":\"https:\\\/\\\/www.groupetranswest.com\\\/wp-content\\\/uploads\\\/2023\\\/06\\\/tca.png\",\"contentUrl\":\"https:\\\/\\\/www.groupetranswest.com\\\/wp-content\\\/uploads\\\/2023\\\/06\\\/tca.png\"},{\"@type\":\"WebSite\",\"@id\":\"https:\\\/\\\/www.groupetranswest.com\\\/en\\\/#website\",\"url\":\"https:\\\/\\\/www.groupetranswest.com\\\/en\\\/\",\"name\":\"Trans-West\",\"description\":\"The Time Savers\",\"publisher\":{\"@id\":\"https:\\\/\\\/www.groupetranswest.com\\\/en\\\/#organization\"},\"potentialAction\":[{\"@type\":\"SearchAction\",\"target\":{\"@type\":\"EntryPoint\",\"urlTemplate\":\"https:\\\/\\\/www.groupetranswest.com\\\/en\\\/?s={search_term_string}\"},\"query-input\":{\"@type\":\"PropertyValueSpecification\",\"valueRequired\":true,\"valueName\":\"search_term_string\"}}],\"inLanguage\":\"en-US\"},{\"@type\":\"Organization\",\"@id\":\"https:\\\/\\\/www.groupetranswest.com\\\/en\\\/#organization\",\"name\":\"Trans-West\",\"url\":\"https:\\\/\\\/www.groupetranswest.com\\\/en\\\/\",\"logo\":{\"@type\":\"ImageObject\",\"inLanguage\":\"en-US\",\"@id\":\"https:\\\/\\\/www.groupetranswest.com\\\/en\\\/#\\\/schema\\\/logo\\\/image\\\/\",\"url\":\"https:\\\/\\\/www.groupetranswest.com\\\/wp-content\\\/uploads\\\/2023\\\/05\\\/TransWestLogo_white-1.png\",\"contentUrl\":\"https:\\\/\\\/www.groupetranswest.com\\\/wp-content\\\/uploads\\\/2023\\\/05\\\/TransWestLogo_white-1.png\",\"width\":329,\"height\":146,\"caption\":\"Trans-West\"},\"image\":{\"@id\":\"https:\\\/\\\/www.groupetranswest.com\\\/en\\\/#\\\/schema\\\/logo\\\/image\\\/\"}}]}<\/script>\n<!-- \/ Yoast SEO plugin. -->","yoast_head_json":{"title":"Services TransWest - Trans-West","description":"We are continually improving and simplifying our process to offer exceptional transport services to our clients. We adopt new technologies and minimize fuel consumption for a healthy environment.","robots":{"index":"index","follow":"follow","max-snippet":"max-snippet:-1","max-image-preview":"max-image-preview:large","max-video-preview":"max-video-preview:-1"},"canonical":"https:\/\/www.groupetranswest.com\/en\/services-transwest\/","og_locale":"en_US","og_type":"article","og_title":"Services TransWest - Trans-West","og_description":"We are continually improving and simplifying our process to offer exceptional transport services to our clients. We adopt new technologies and minimize fuel consumption for a healthy environment.","og_url":"https:\/\/www.groupetranswest.com\/en\/services-transwest\/","og_site_name":"Trans-West","article_modified_time":"2024-03-25T22:40:48+00:00","og_image":[{"url":"https:\/\/www.groupetranswest.com\/wp-content\/uploads\/2023\/06\/tca.png","type":"","width":"","height":""}],"twitter_card":"summary_large_image","twitter_misc":{"Est. reading time":"3 minutes"},"schema":{"@context":"https:\/\/schema.org","@graph":[{"@type":"WebPage","@id":"https:\/\/www.groupetranswest.com\/en\/services-transwest\/","url":"https:\/\/www.groupetranswest.com\/en\/services-transwest\/","name":"Services TransWest - Trans-West","isPartOf":{"@id":"https:\/\/www.groupetranswest.com\/en\/#website"},"primaryImageOfPage":{"@id":"https:\/\/www.groupetranswest.com\/en\/services-transwest\/#primaryimage"},"image":{"@id":"https:\/\/www.groupetranswest.com\/en\/services-transwest\/#primaryimage"},"thumbnailUrl":"https:\/\/www.groupetranswest.com\/wp-content\/uploads\/2023\/06\/tca.png","datePublished":"2023-07-06T19:06:54+00:00","dateModified":"2024-03-25T22:40:48+00:00","description":"We are continually improving and simplifying our process to offer exceptional transport services to our clients. We adopt new technologies and minimize fuel consumption for a healthy environment.","inLanguage":"en-US","potentialAction":[{"@type":"ReadAction","target":["https:\/\/www.groupetranswest.com\/en\/services-transwest\/"]}]},{"@type":"ImageObject","inLanguage":"en-US","@id":"https:\/\/www.groupetranswest.com\/en\/services-transwest\/#primaryimage","url":"https:\/\/www.groupetranswest.com\/wp-content\/uploads\/2023\/06\/tca.png","contentUrl":"https:\/\/www.groupetranswest.com\/wp-content\/uploads\/2023\/06\/tca.png"},{"@type":"WebSite","@id":"https:\/\/www.groupetranswest.com\/en\/#website","url":"https:\/\/www.groupetranswest.com\/en\/","name":"Trans-West","description":"The Time Savers","publisher":{"@id":"https:\/\/www.groupetranswest.com\/en\/#organization"},"potentialAction":[{"@type":"SearchAction","target":{"@type":"EntryPoint","urlTemplate":"https:\/\/www.groupetranswest.com\/en\/?s={search_term_string}"},"query-input":{"@type":"PropertyValueSpecification","valueRequired":true,"valueName":"search_term_string"}}],"inLanguage":"en-US"},{"@type":"Organization","@id":"https:\/\/www.groupetranswest.com\/en\/#organization","name":"Trans-West","url":"https:\/\/www.groupetranswest.com\/en\/","logo":{"@type":"ImageObject","inLanguage":"en-US","@id":"https:\/\/www.groupetranswest.com\/en\/#\/schema\/logo\/image\/","url":"https:\/\/www.groupetranswest.com\/wp-content\/uploads\/2023\/05\/TransWestLogo_white-1.png","contentUrl":"https:\/\/www.groupetranswest.com\/wp-content\/uploads\/2023\/05\/TransWestLogo_white-1.png","width":329,"height":146,"caption":"Trans-West"},"image":{"@id":"https:\/\/www.groupetranswest.com\/en\/#\/schema\/logo\/image\/"}}]}},"_links":{"self":[{"href":"https:\/\/www.groupetranswest.com\/en\/wp-json\/wp\/v2\/pages\/2199","targetHints":{"allow":["GET"]}}],"collection":[{"href":"https:\/\/www.groupetranswest.com\/en\/wp-json\/wp\/v2\/pages"}],"about":[{"href":"https:\/\/www.groupetranswest.com\/en\/wp-json\/wp\/v2\/types\/page"}],"author":[{"embeddable":true,"href":"https:\/\/www.groupetranswest.com\/en\/wp-json\/wp\/v2\/users\/1"}],"replies":[{"embeddable":true,"href":"https:\/\/www.groupetranswest.com\/en\/wp-json\/wp\/v2\/comments?post=2199"}],"version-history":[{"count":20,"href":"https:\/\/www.groupetranswest.com\/en\/wp-json\/wp\/v2\/pages\/2199\/revisions"}],"predecessor-version":[{"id":4925,"href":"https:\/\/www.groupetranswest.com\/en\/wp-json\/wp\/v2\/pages\/2199\/revisions\/4925"}],"wp:attachment":[{"href":"https:\/\/www.groupetranswest.com\/en\/wp-json\/wp\/v2\/media?parent=2199"}],"curies":[{"name":"wp","href":"https:\/\/api.w.org\/{rel}","templated":true}]}}